{"id":240,"date":"2019-02-22T00:06:15","date_gmt":"2019-02-21T22:06:15","guid":{"rendered":"https:\/\/www.saaristohuolto.fi\/?page_id=240"},"modified":"2024-07-12T23:17:20","modified_gmt":"2024-07-12T20:17:20","slug":"palvelut","status":"publish","type":"page","link":"https:\/\/www.saaristohuolto.fi\/index.php\/palvelut\/","title":{"rendered":"Palvelut"},"content":{"rendered":"\t\t<div data-elementor-type=\"wp-post\" data-elementor-id=\"240\" class=\"elementor elementor-240\">\n\t\t\t\t\t\t<section class=\"elementor-section elementor-top-section elementor-element elementor-element-07e84a0 elementor-section-boxed elementor-section-height-default elementor-section-height-default\" data-id=\"07e84a0\" data-element_type=\"section\">\n\t\t\t\t\t\t<div class=\"elementor-container elementor-column-gap-default\">\n\t\t\t\t\t<div class=\"elementor-column elementor-col-100 elementor-top-column elementor-element elementor-element-89b15ae\" data-id=\"89b15ae\" data-element_type=\"column\">\n\t\t\t<div class=\"elementor-widget-wrap elementor-element-populated\">\n\t\t\t\t\t\t<div class=\"elementor-element elementor-element-7cb95ef elementor-widget elementor-widget-text-editor\" data-id=\"7cb95ef\" data-element_type=\"widget\" data-widget_type=\"text-editor.default\">\n\t\t\t\t<div class=\"elementor-widget-container\">\n\t\t\t\t\t\t\t\t\t<div class=\"blog-post \"><div class=\"container\"><article id=\"post-4\" class=\"section section-text\"><div class=\"row\"><div class=\"col-md-8 col-md-offset-2 page-content-wrap\"><p><strong><span>Puunkaatoty\u00f6t ja kantojyrsinn\u00e4t<br \/><\/span><\/strong><\/p><p><span>\u2013 Puunkaadot pihoilta, tonttiraivaukset ja myrskyvaurioraivaukset<\/span><br \/><span>\u2013 Puunkaadot suorana, paloina kiipeilytekniikalla tai nostimella<\/span><br \/><span>\u2013 Oksien haketus puutarhahakkeeksi tai poiskuljetus tarvittaessa<\/span><br \/><span>\u2013 Kantojyrsinn\u00e4t (kantojyrsint\u00e4kone ei tuhoa pintamaata)<br \/>\u2013 Runko halutessa vaikka klapeiksi asti<br \/><\/span><\/p><p><span><strong>Kiinteist\u00f6huolto<\/strong><br \/><\/span><\/p><p><span>\u2013 Ruohonleikkaus\/trimmaus\/raivaus\/haravointi<\/span><br \/><span>\u2013 Pihojen\/rantojen siivous\/maisemointi<\/span><br \/><span>\u2013 Rakennusten huoltoty\u00f6t<\/span><br \/><span>\u2013 Polttopuiden teko<\/span><br \/><span>\u2013 Kattojen ja r\u00e4yst\u00e4iden puhdistukset<\/span><br \/><span>\u2013 Ulkomaalausty\u00f6t<\/span><br \/><span>\u2013 Laitureiden kunnostusty\u00f6t<\/span><br \/><span>\u2013 Talvisin my\u00f6s lumity\u00f6t ja lumenpudotukset<\/span><br \/><span>\u2013 Tarkastusk\u00e4ynnit ja raportointi asiakkaalle<strong><\/strong><\/span><em><strong><\/strong><\/em><span><\/span><\/p><p><strong>Pihaty\u00f6t AVANT pienkuormaajalla<\/strong><\/p><p>&#8211; Maansiirto,-ja tasausty\u00f6t<br \/>&#8211; Murskeen\/mullan\/hakkeen siirto ja levitys<br \/>&#8211; Puunrunkojen ajot<br \/>&#8211; Oksakasojen siirrot<br \/>&#8211; Materiaalien siirrot ja poiskuljetukset 2,2m X 4,2 m kokoisella hydraulikippaavalla lavetilla<\/p><p><strong>Vedenalaiset ty\u00f6t<\/strong><\/p><p><span>\u2013 Rakenteiden tarkastusty\u00f6t<br \/>\u2013 Poiju- ja laituriketjujen tarkastukset ja vaihdot<br \/>\u2013 Etsint\u00e4 ja nostoty\u00f6t<\/span><\/p><p><strong>Tyytyv\u00e4inen asiakaskuntamme koostuu m\u00f6kkil\u00e4isist\u00e4, omakotiasukkaista, taloyhti\u00f6ist\u00e4 ja yrityksist\u00e4.<\/strong><\/p><p><strong>Ota rohkeasti yhteytt\u00e4!<\/strong><\/p><\/div><\/div><\/article><\/div><\/div>\t\t\t\t\t\t\t\t<\/div>\n\t\t\t\t<\/div>\n\t\t\t\t\t<\/div>\n\t\t<\/div>\n\t\t\t\t\t<\/div>\n\t\t<\/section>\n\t\t\t\t<\/div>\n\t\t","protected":false},"excerpt":{"rendered":"<p>Puunkaatoty\u00f6t ja kantojyrsinn\u00e4t \u2013 Puunkaadot pihoilta, tonttiraivaukset ja myrskyvaurioraivaukset\u2013 Puunkaadot suorana, paloina kiipeilytekniikalla tai nostimella\u2013 Oksien haketus puutarhahakkeeksi tai poiskuljetus tarvittaessa\u2013 Kantojyrsinn\u00e4t (kantojyrsint\u00e4kone ei tuhoa pintamaata)\u2013 Runko halutessa vaikka klapeiksi asti Kiinteist\u00f6huolto \u2013 Ruohonleikkaus\/trimmaus\/raivaus\/haravointi\u2013 Pihojen\/rantojen siivous\/maisemointi\u2013 Rakennusten huoltoty\u00f6t\u2013 Polttopuiden teko\u2013 Kattojen ja r\u00e4yst\u00e4iden puhdistukset\u2013 Ulkomaalausty\u00f6t\u2013 Laitureiden kunnostusty\u00f6t\u2013 Talvisin my\u00f6s lumity\u00f6t [&hellip;]<\/p>\n","protected":false},"author":1,"featured_media":0,"parent":0,"menu_order":0,"comment_status":"closed","ping_status":"closed","template":"","meta":{"footnotes":""},"class_list":["post-240","page","type-page","status-publish","hentry"],"jetpack_sharing_enabled":true,"_links":{"self":[{"href":"https:\/\/www.saaristohuolto.fi\/index.php\/wp-json\/wp\/v2\/pages\/240","targetHints":{"allow":["GET"]}}],"collection":[{"href":"https:\/\/www.saaristohuolto.fi\/index.php\/wp-json\/wp\/v2\/pages"}],"about":[{"href":"https:\/\/www.saaristohuolto.fi\/index.php\/wp-json\/wp\/v2\/types\/page"}],"author":[{"embeddable":true,"href":"https:\/\/www.saaristohuolto.fi\/index.php\/wp-json\/wp\/v2\/users\/1"}],"replies":[{"embeddable":true,"href":"https:\/\/www.saaristohuolto.fi\/index.php\/wp-json\/wp\/v2\/comments?post=240"}],"version-history":[{"count":16,"href":"https:\/\/www.saaristohuolto.fi\/index.php\/wp-json\/wp\/v2\/pages\/240\/revisions"}],"predecessor-version":[{"id":456,"href":"https:\/\/www.saaristohuolto.fi\/index.php\/wp-json\/wp\/v2\/pages\/240\/revisions\/456"}],"wp:attachment":[{"href":"https:\/\/www.saaristohuolto.fi\/index.php\/wp-json\/wp\/v2\/media?parent=240"}],"curies":[{"name":"wp","href":"https:\/\/api.w.org\/{rel}","templated":true}]}}