{"id":228,"date":"2019-02-22T00:02:16","date_gmt":"2019-02-21T22:02:16","guid":{"rendered":"https:\/\/www.saaristohuolto.fi\/?page_id=228"},"modified":"2025-12-31T08:28:56","modified_gmt":"2025-12-31T06:28:56","slug":"veroedut","status":"publish","type":"page","link":"https:\/\/www.saaristohuolto.fi\/index.php\/veroedut\/","title":{"rendered":"Veroedut"},"content":{"rendered":"\t\t<div data-elementor-type=\"wp-post\" data-elementor-id=\"228\" class=\"elementor elementor-228\">\n\t\t\t\t\t\t<section class=\"elementor-section elementor-top-section elementor-element elementor-element-e2eddde elementor-section-boxed elementor-section-height-default elementor-section-height-default\" data-id=\"e2eddde\" data-element_type=\"section\">\n\t\t\t\t\t\t<div class=\"elementor-container elementor-column-gap-default\">\n\t\t\t\t\t<div class=\"elementor-column elementor-col-100 elementor-top-column elementor-element elementor-element-0873bac\" data-id=\"0873bac\" data-element_type=\"column\">\n\t\t\t<div class=\"elementor-widget-wrap elementor-element-populated\">\n\t\t\t\t\t\t<div class=\"elementor-element elementor-element-142330c elementor-widget elementor-widget-text-editor\" data-id=\"142330c\" data-element_type=\"widget\" data-widget_type=\"text-editor.default\">\n\t\t\t\t<div class=\"elementor-widget-container\">\n\t\t\t\t\t\t\t\t\t<div class=\"col-md-9 page-content-wrap\"><p><strong><span>Palveluista verohy\u00f6ty\u00e4<\/span><\/strong><\/p><p><span>Kun ostat palveluja kotiin tai vapaa-ajanasunnolle, voit v\u00e4hent\u00e4\u00e4 osan kuluista verotuksessasi kotitalousv\u00e4hennyksen\u00e4. Saat v\u00e4hennyst\u00e4 tavanomaisesta kotitalous-, hoiva- ja hoitoty\u00f6st\u00e4, kunnossapito- ja perusparannusty\u00f6st\u00e4 sek\u00e4 tietotekniikan asennus- ja neuvontapalveluista. Kotitalousv\u00e4hennykseen oikeuttava ty\u00f6. Kotitalousv\u00e4hennyst\u00e4 pit\u00e4\u00e4 hakea itse. V\u00e4hennys my\u00f6nnet\u00e4\u00e4n vain ty\u00f6n osuudesta, ei matkakuluista tai tarvikkeista. V\u00e4hennyksen saa esimerkiksi, jos palkkaa siivoojan tai lastenhoitajan, teett\u00e4\u00e4 keitti\u00f6remontin tai maksaa tietokoneen asentamisesta. V\u00e4hennyksen saa riippumatta siit\u00e4, palkkaako ty\u00f6n tekij\u00e4n itse vai ostaako ty\u00f6n yritykselt\u00e4 tai yritt\u00e4j\u00e4lt\u00e4.<\/span><span>Yrityksen tai yritt\u00e4j\u00e4n on kuuluttava ennakkoperint\u00e4rekisteriin. Rekisteriin kuulumisen voi tarkistaa Internetist\u00e4 yritys- ja yhteis\u00f6tietoj\u00e4rjestelm\u00e4n julkisesta tietopalvelusta www.ytj.fi. Palvelu on maksuton. Tietoja voi hakea palvelussa joko yrityksen nimell\u00e4 tai Y-tunnuksella. Ennakkoperint\u00e4rekisteriin kuulumisen voi tarkistaa my\u00f6s Verohallinnon palvelunumerosta 020 697 030.<\/span><\/p><p><span><strong>Kuka v\u00e4hennyksen saa?<\/strong><\/span><\/p><p><span>Kotitalousv\u00e4hennyksen saa se, joka maksaa v\u00e4hennykseen oikeuttavan ty\u00f6n. Ty\u00f6 on teht\u00e4v\u00e4 joko maksajan omassa asunnossa tai h\u00e4nen vanhempiensa, isovanhempiensa tai appivanhempiensa k\u00e4yt\u00f6ss\u00e4 olevassa asunnossa. Vanhempiin sek\u00e4 appi- ja isovanhempiin rinnastetaan my\u00f6s heid\u00e4n puolisonsa.<\/span><span>My\u00f6s kuolinpes\u00e4 voi saada kotitalousv\u00e4hennyksen, mutta p\u00e4\u00e4s\u00e4\u00e4nt\u00f6isesti ainoastaan henkil\u00f6n kuolinvuodelta. Asunto-osakeyhti\u00f6 ei voi saada kotitalousv\u00e4hennyst\u00e4.<\/span><\/p><p><span><strong>Kuinka paljon v\u00e4hennyst\u00e4 saa 2026?<\/strong><\/span><\/p><p>Katso t\u00e4st\u00e4 <a href=\"https:\/\/www.vero.fi\/kotitalousvahennys\">lis\u00e4tietoa\u00a0<\/a><\/p><p><span style=\"font-size: inherit; color: var( --e-global-color-text ); font-family: var( --e-global-typography-text-font-family ), Sans-serif; font-weight: var( --e-global-typography-text-font-weight );\">L\u00e4hde ja lis\u00e4tietoa: <\/span><a href=\"https:\/\/www.vero.fi\/henkiloasiakkaat\/verokortti-ja-veroilmoitus\/tulot-ja-vahennykset\/kotitalousvahennys\/\" style=\"font-size: inherit; font-family: var( --e-global-typography-text-font-family ), Sans-serif; font-weight: var( --e-global-typography-text-font-weight ); background-color: #ffffff;\">vero.fi<\/a><\/p><\/div>\t\t\t\t\t\t\t\t<\/div>\n\t\t\t\t<\/div>\n\t\t\t\t\t<\/div>\n\t\t<\/div>\n\t\t\t\t\t<\/div>\n\t\t<\/section>\n\t\t\t\t<\/div>\n\t\t","protected":false},"excerpt":{"rendered":"<p>Palveluista verohy\u00f6ty\u00e4 Kun ostat palveluja kotiin tai vapaa-ajanasunnolle, voit v\u00e4hent\u00e4\u00e4 osan kuluista verotuksessasi kotitalousv\u00e4hennyksen\u00e4. Saat v\u00e4hennyst\u00e4 tavanomaisesta kotitalous-, hoiva- ja hoitoty\u00f6st\u00e4, kunnossapito- ja perusparannusty\u00f6st\u00e4 sek\u00e4 tietotekniikan asennus- ja neuvontapalveluista. Kotitalousv\u00e4hennykseen oikeuttava ty\u00f6. Kotitalousv\u00e4hennyst\u00e4 pit\u00e4\u00e4 hakea itse. V\u00e4hennys my\u00f6nnet\u00e4\u00e4n vain ty\u00f6n osuudesta, ei matkakuluista tai tarvikkeista. V\u00e4hennyksen saa esimerkiksi, jos palkkaa [&hellip;]<\/p>\n","protected":false},"author":1,"featured_media":0,"parent":0,"menu_order":0,"comment_status":"closed","ping_status":"closed","template":"","meta":{"footnotes":""},"class_list":["post-228","page","type-page","status-publish","hentry"],"jetpack_sharing_enabled":true,"_links":{"self":[{"href":"https:\/\/www.saaristohuolto.fi\/index.php\/wp-json\/wp\/v2\/pages\/228","targetHints":{"allow":["GET"]}}],"collection":[{"href":"https:\/\/www.saaristohuolto.fi\/index.php\/wp-json\/wp\/v2\/pages"}],"about":[{"href":"https:\/\/www.saaristohuolto.fi\/index.php\/wp-json\/wp\/v2\/types\/page"}],"author":[{"embeddable":true,"href":"https:\/\/www.saaristohuolto.fi\/index.php\/wp-json\/wp\/v2\/users\/1"}],"replies":[{"embeddable":true,"href":"https:\/\/www.saaristohuolto.fi\/index.php\/wp-json\/wp\/v2\/comments?post=228"}],"version-history":[{"count":28,"href":"https:\/\/www.saaristohuolto.fi\/index.php\/wp-json\/wp\/v2\/pages\/228\/revisions"}],"predecessor-version":[{"id":472,"href":"https:\/\/www.saaristohuolto.fi\/index.php\/wp-json\/wp\/v2\/pages\/228\/revisions\/472"}],"wp:attachment":[{"href":"https:\/\/www.saaristohuolto.fi\/index.php\/wp-json\/wp\/v2\/media?parent=228"}],"curies":[{"name":"wp","href":"https:\/\/api.w.org\/{rel}","templated":true}]}}