{"id":1,"date":"2013-11-04T07:48:20","date_gmt":"2013-11-04T05:48:20","guid":{"rendered":"http:\/\/www.saaristohuolto.fi\/index.php\/etusivu\/"},"modified":"2024-07-12T22:55:32","modified_gmt":"2024-07-12T19:55:32","slug":"etusivu","status":"publish","type":"page","link":"https:\/\/www.saaristohuolto.fi\/","title":{"rendered":"Etusivu"},"content":{"rendered":"\t\t<div data-elementor-type=\"wp-post\" data-elementor-id=\"1\" class=\"elementor elementor-1\">\n\t\t\t\t\t\t<section class=\"elementor-section elementor-top-section elementor-element elementor-element-65a5884f elementor-section-boxed elementor-section-height-default elementor-section-height-default\" data-id=\"65a5884f\" data-element_type=\"section\">\n\t\t\t\t\t\t<div class=\"elementor-container elementor-column-gap-default\">\n\t\t\t\t\t<div class=\"elementor-column elementor-col-100 elementor-top-column elementor-element elementor-element-446b8852\" data-id=\"446b8852\" data-element_type=\"column\">\n\t\t\t<div class=\"elementor-widget-wrap elementor-element-populated\">\n\t\t\t\t\t\t<div class=\"elementor-element elementor-element-f7df060 elementor-widget elementor-widget-text-editor\" data-id=\"f7df060\" data-element_type=\"widget\" data-widget_type=\"text-editor.default\">\n\t\t\t\t<div class=\"elementor-widget-container\">\n\t\t\t\t\t\t\t\t\t<p style=\"text-align: center;\"><span style=\"font-size: 14pt;\"><strong><span style=\"color: #ff6600;\">Puunkaato | Kantojyrsint\u00e4 | Kiinteist\u00f6huolto | Sukellusty\u00f6t<\/span><\/strong><\/span><\/p>\t\t\t\t\t\t\t\t<\/div>\n\t\t\t\t<\/div>\n\t\t\t\t<div class=\"elementor-element elementor-element-3fde5b69 elementor-widget elementor-widget-text-editor\" data-id=\"3fde5b69\" data-element_type=\"widget\" data-widget_type=\"text-editor.default\">\n\t\t\t\t<div class=\"elementor-widget-container\">\n\t\t\t\t\t\t\t\t\t<p style=\"text-align: left;\"><span style=\"font-size: 14pt;\"><strong><span style=\"color: #ff6600;\">Suomen Saaristohuolto Oy<\/span> on rannikko- ja saaristo-olosuhteissa suoritettaviin puunkaato, kantojyrsint\u00e4 ja kiinteist\u00f6huoltopalveluihin erikoistunut yritys. Suoritamme ty\u00f6teht\u00e4vi\u00e4 mantereelta ulkosaaristoon.<br \/><\/strong><\/span><\/p><p style=\"text-align: left;\"><span style=\"font-size: 14pt;\"><strong>Toimi-alueemme ovat L\u00e4nsi-Uusimaa ( Kirkkonummi, Siuntio, Inkoo, Lohja, Raasepori ja Hanko) sek\u00e4 Varsinais-Suomi ( Kemi\u00f6nsaari, Salo, Sauvo, Paimio, Kaarina ja Parainen)<\/strong><\/span><\/p><p><span style=\"font-size: 14pt;\"><strong>Palveluihimme kuuluu muun muassa maisemien avaukset, myrskyvaurioraivaukset, vaativat puunkaatoty\u00f6t, kantojyrsinn\u00e4t, kiinteist\u00f6jen p\u00e4ivitt\u00e4iset huoltoty\u00f6t, pihaty\u00f6t AVANT pienkuormaajalla, sukellusty\u00f6t ja talvisin lumity\u00f6t sek\u00e4 lumen pudotukset katoilta.<\/strong><\/span><\/p><p><span style=\"font-size: 14pt;\"><strong>Palvelemme ammattitaidolla, ota yhteytt\u00e4 meihin puh. <a href=\"tel:+358405454871\"><span style=\"color: #ff6600;\">040 5454 871<\/span><\/a> tai s\u00e4hk\u00f6postitse <span style=\"color: #ff6600;\"><span style=\"color: #ff6600;\">janne [at] saaristohuolto.fi<\/span><\/span><\/strong><\/span><\/p><p><span style=\"color: #ff6600;\"><\/span><img decoding=\"async\" src=\"http:\/\/www.saaristohuolto.fi\/wp-content\/uploads\/2018\/01\/kattava-300x67.jpg\" alt=\"\" class=\"size-medium wp-image-180 alignleft\" width=\"300\" height=\"67\" srcset=\"https:\/\/www.saaristohuolto.fi\/wp-content\/uploads\/2018\/01\/kattava-300x67.jpg 300w, https:\/\/www.saaristohuolto.fi\/wp-content\/uploads\/2018\/01\/kattava.jpg 450w\" sizes=\"(max-width: 300px) 100vw, 300px\" \/><\/p>\t\t\t\t\t\t\t\t<\/div>\n\t\t\t\t<\/div>\n\t\t\t\t\t<\/div>\n\t\t<\/div>\n\t\t\t\t\t<\/div>\n\t\t<\/section>\n\t\t\t\t<\/div>\n\t\t","protected":false},"excerpt":{"rendered":"<p>Puunkaato | Kantojyrsint\u00e4 | Kiinteist\u00f6huolto | Sukellusty\u00f6t Suomen Saaristohuolto Oy on rannikko- ja saaristo-olosuhteissa suoritettaviin puunkaato, kantojyrsint\u00e4 ja kiinteist\u00f6huoltopalveluihin erikoistunut yritys. Suoritamme ty\u00f6teht\u00e4vi\u00e4 mantereelta ulkosaaristoon. Toimi-alueemme ovat L\u00e4nsi-Uusimaa ( Kirkkonummi, Siuntio, Inkoo, Lohja, Raasepori ja Hanko) sek\u00e4 Varsinais-Suomi ( Kemi\u00f6nsaari, Salo, Sauvo, Paimio, Kaarina ja Parainen) Palveluihimme kuuluu muun muassa [&hellip;]<\/p>\n","protected":false},"author":1,"featured_media":0,"parent":0,"menu_order":0,"comment_status":"closed","ping_status":"closed","template":"","meta":{"footnotes":""},"class_list":["post-1","page","type-page","status-publish","hentry"],"jetpack_sharing_enabled":true,"_links":{"self":[{"href":"https:\/\/www.saaristohuolto.fi\/index.php\/wp-json\/wp\/v2\/pages\/1","targetHints":{"allow":["GET"]}}],"collection":[{"href":"https:\/\/www.saaristohuolto.fi\/index.php\/wp-json\/wp\/v2\/pages"}],"about":[{"href":"https:\/\/www.saaristohuolto.fi\/index.php\/wp-json\/wp\/v2\/types\/page"}],"author":[{"embeddable":true,"href":"https:\/\/www.saaristohuolto.fi\/index.php\/wp-json\/wp\/v2\/users\/1"}],"replies":[{"embeddable":true,"href":"https:\/\/www.saaristohuolto.fi\/index.php\/wp-json\/wp\/v2\/comments?post=1"}],"version-history":[{"count":67,"href":"https:\/\/www.saaristohuolto.fi\/index.php\/wp-json\/wp\/v2\/pages\/1\/revisions"}],"predecessor-version":[{"id":452,"href":"https:\/\/www.saaristohuolto.fi\/index.php\/wp-json\/wp\/v2\/pages\/1\/revisions\/452"}],"wp:attachment":[{"href":"https:\/\/www.saaristohuolto.fi\/index.php\/wp-json\/wp\/v2\/media?parent=1"}],"curies":[{"name":"wp","href":"https:\/\/api.w.org\/{rel}","templated":true}]}}